{"id":6432,"date":"2018-01-02T10:47:19","date_gmt":"2018-01-02T10:47:19","guid":{"rendered":"https:\/\/www.treatwell.co.uk\/inspiration\/?page_id=6432"},"modified":"2019-01-07T14:32:43","modified_gmt":"2019-01-07T14:32:43","slug":"january-beauty-sale","status":"publish","type":"page","link":"https:\/\/www.treatwell.lt/inspiration\/january-beauty-sale\/","title":{"rendered":"January beauty sale"},"content":{"rendered":"<p>\t\t\t\t<img decoding=\"async\" src=\"https:\/\/www.treatwell.lt/inspiration\/wp-content\/uploads\/sites\/12\/2018\/12\/LT_GLO_January_sale_crm_hero_KK_v01.gif\" alt=\"LT_GLO_January_sale_crm_hero_KK_v01\" \/><\/p>\n<p><strong>Sausio m\u0117nesio gro\u017eio paslaug\u0173 i\u0161pardavimas<\/strong><\/p>\n<p><strong>Sausio m\u0117nesio gro\u017eio<\/strong><\/p>\n<p><strong>paslaug\u0173 i\u0161pardavimas<\/strong><\/p>\n<p style=\"text-align: left\">Net ma\u017ei dalykai leid\u017eia pasijusti gerai. Naujas maniki\u016bras ar atgaivinanti veido proced\u016bra. \u0160\u012f saus\u012f gro\u017eio paslaugoms i\u0161leisk ma\u017eiau (nes visiems reikia pasilepinti).<\/p>\n<p>\t\t\t\t<img decoding=\"async\" src=\"https:\/\/en-gb.twinspiration.wpengine.treatwell.com\/wp-content\/uploads\/sites\/9\/2018\/12\/hair.jpg\" alt=\"hair\" \/><\/p>\n<p style=\"text-align: left\"><strong>Plauk\u0173 proced\u016br\u0173 pasi\u016blymai \u010dia<\/strong><\/p>\n<p style=\"text-align: center\"><strong>Plauk\u0173 proced\u016br\u0173 pasi\u016blymai \u010dia<\/strong><\/p>\n<p>\t\t\t<a href=\"https:\/\/www.treatwell.lt\/salonai\/proceduru-grupe-plaukai\/pasiulymo-tipas-vietinis\/nuolaida-dynamic\/kur-vilnius-lt\/\/?titleoverride=Sausio%20i%C5%A1pardavimas?mkt_params=GC~januarysale_LC~dachljan19_PM~LP-slot_CM~\" target=\"_self\" role=\"button\"><br \/>\n\t\t\t\t\t\t\t iki 30% nuolaida<br \/>\n\t\t\t\t\t<\/a><\/p>\n<p>x<\/p>\n<p style=\"text-align: left\"><strong>Nag\u0173 proced\u016br\u0173 pasi\u016blymai \u010dia<\/strong><\/p>\n<p style=\"text-align: center\"><strong>Nag\u0173 proced\u016br\u0173 pasi\u016blymai \u010dia<\/strong><\/p>\n<p>\t\t\t<a href=\"https:\/\/www.treatwell.lt\/salonai\/proceduru-grupe-nagai\/pasiulymo-tipas-vietinis\/nuolaida-dynamic\/kur-vilnius-lt\/?titleoverride=Sausio%20i%C5%A1pardavimas?mkt_params=GC~januarysale_LC~dachljan19_PM~LP-slot_CM~\" target=\"_self\" role=\"button\"><br \/>\n\t\t\t\t\t\t\tiki 30% nuolaida<br \/>\n\t\t\t\t\t<\/a><br \/>\n\t\t\t\t<img decoding=\"async\" src=\"https:\/\/en-gb.twinspiration.wpengine.treatwell.com\/wp-content\/uploads\/sites\/9\/2018\/12\/nails.jpg\" alt=\"nails\" \/><\/p>\n<p>x<\/p>\n<p>\t\t\t\t<img decoding=\"async\" src=\"https:\/\/en-gb.twinspiration.wpengine.treatwell.com\/wp-content\/uploads\/sites\/9\/2018\/12\/massage.jpg\" alt=\"massage\" \/><\/p>\n<p style=\"text-align: left\"><strong>Masa\u017e\u0173 pasi\u016blymai \u010dia<\/strong><\/p>\n<p style=\"text-align: center\"><strong>Masa\u017e\u0173 pasi\u016blymai \u010dia<\/strong><\/p>\n<p>\t\t\t<a href=\"https:\/\/www.treatwell.lt\/salonai\/proceduru-grupe-masazas\/pasiulymo-tipas-vietinis\/nuolaida-dynamic\/kur-vilnius-lt\/?titleoverride=Sausio%20i%C5%A1pardavimas?mkt_params=GC~januarysale_LC~dachljan19_PM~LP-slot_CM~\" target=\"_self\" role=\"button\"><br \/>\n\t\t\t\t\t\t\t iki 30% nuolaida<br \/>\n\t\t\t\t\t<\/a><\/p>\n<p>x<\/p>\n<p style=\"text-align: left\"><strong>Veido proced\u016br\u0173 pasi\u016blymai \u010dia<\/strong><\/p>\n<p style=\"text-align: center\"><strong>Veido proced\u016br\u0173 pasi\u016blymai \u010dia<\/strong><\/p>\n<p>\t\t\t<a href=\"https:\/\/www.treatwell.lt\/salonai\/proceduru-grupe-veidas\/pasiulymo-tipas-vietinis\/nuolaida-dynamic\/kur-vilnius-lt\/?titleoverride=Sausio%20i%C5%A1pardavimas?mkt_params=GC~januarysale_LC~dachljan19_PM~LP-slot_CM~\" target=\"_self\" role=\"button\"><br \/>\n\t\t\t\t\t\t\tiki 30% nuolaida<br \/>\n\t\t\t\t\t<\/a><br \/>\n\t\t\t\t<img decoding=\"async\" src=\"https:\/\/en-gb.twinspiration.wpengine.treatwell.com\/wp-content\/uploads\/sites\/9\/2018\/12\/face.jpg\" alt=\"face\" \/><\/p>\n<p style=\"text-align: left\"><strong>Skaityk ir su\u017einok daugiau puiki\u0173 dalyk\u0173, kurie leis pasijusti nuostabiai \u0161\u012f saus\u012f<\/strong><\/p>\n<p><strong>Skaityk ir su\u017einok daugiau puiki\u0173 dalyk\u0173, <\/strong><\/p>\n<p><strong>kurie leis pasijusti nuostabiai \u0161\u012f saus\u012f.<\/strong><\/p>\n<p>\t\t\t\t<img decoding=\"async\" src=\"https:\/\/en-gb.twinspiration.wpengine.treatwell.com\/wp-content\/uploads\/sites\/9\/2018\/12\/slots_square_1.jpg\" alt=\"slots_square_1\" \/><\/p>\n<p style=\"text-align: left\"><strong>Lorem ipsum<\/strong><\/p>\n<p>lorem ipsum dolor amet lorem lorem ipsum ipsum lorem to your ipsum la la alalalalalal&#8230;..<\/p>\n<p>\t\t\t<a href=\"https:\/\/www.treatwell.co.uk\" target=\"_self\" role=\"button\"><br \/>\n\t\t\t\t\t\t\tRead more<br \/>\n\t\t\t\t\t<\/a><br \/>\n\t\t\t\t<img decoding=\"async\" src=\"https:\/\/en-gb.twinspiration.wpengine.treatwell.com\/wp-content\/uploads\/sites\/9\/2018\/12\/slots_square_2.jpg\" alt=\"slots_square_2\" \/><\/p>\n<p style=\"text-align: left\"><strong>Lorem ipsum<\/strong><\/p>\n<p>lorem ipsum dolor amet lorem lorem ipsum ipsum lorem to your ipsum la la alalalalalal&#8230;..<\/p>\n<p>\t\t\t<a href=\"https:\/\/www.treatwell.co.uk\" target=\"_self\" role=\"button\"><br \/>\n\t\t\t\t\t\t\tRead more<br \/>\n\t\t\t\t\t<\/a><br \/>\n\t\t\t\t<img decoding=\"async\" src=\"https:\/\/en-gb.twinspiration.wpengine.treatwell.com\/wp-content\/uploads\/sites\/9\/2018\/12\/slots_square_3.jpg\" alt=\"slots_square_3\" \/><\/p>\n<p style=\"text-align: left\"><strong>Lorem ipsum<\/strong><\/p>\n<p>lorem ipsum dolor amet lorem lorem ipsum ipsum lorem to your ipsum la la alalalalalal&#8230;..<\/p>\n<p>\t\t\t<a href=\"https:\/\/www.treatwell.co.uk\" target=\"_self\" role=\"button\"><br \/>\n\t\t\t\t\t\t\tRead more<br \/>\n\t\t\t\t\t<\/a><\/p>\n","protected":false},"excerpt":{"rendered":"<p>Sausio m\u0117nesio gro\u017eio paslaug\u0173 i\u0161pardavimas Sausio m\u0117nesio gro\u017eio paslaug\u0173 i\u0161pardavimas Net ma\u017ei dalykai leid\u017eia pasijusti gerai. Naujas maniki\u016bras ar atgaivinanti veido proced\u016bra. \u0160\u012f saus\u012f gro\u017eio paslaugoms i\u0161leisk ma\u017eiau (nes visiems reikia pasilepinti). Plauk\u0173 proced\u016br\u0173 pasi\u016blymai \u010dia Plauk\u0173 proced\u016br\u0173 pasi\u016blymai \u010dia iki 30% nuolaida x Nag\u0173 proced\u016br\u0173 pasi\u016blymai \u010dia Nag\u0173 proced\u016br\u0173 pasi\u016blymai \u010dia iki 30% nuolaida&hellip;<\/p>\n","protected":false},"author":117,"featured_media":0,"parent":0,"menu_order":0,"comment_status":"closed","ping_status":"closed","template":"","meta":{"inline_featured_image":false,"footnotes":""},"class_list":["post-6432","page","type-page","status-publish","hentry"],"yoast_head":"<!-- This site is optimized with the Yoast SEO plugin v27.1.1 - https:\/\/yoast.com\/product\/yoast-seo-wordpress\/ -->\n<title>Sausio i\u0161pardavimai | Iki 30% nuolaidos gro\u017eio paslaugoms<\/title>\n<meta name=\"description\" content=\"\u0160\u012f saus\u012f u\u017e gro\u017eio paslaugas mok\u0117k iki 30% ma\u017eiau m\u016bs\u0173 partneri\u0173 salonuose. Rinkis i\u0161 daugyb\u0117s nag\u0173, plauk\u0173, masa\u017eo ar veido proced\u016br\u0173.\" \/>\n<meta name=\"robots\" content=\"index, follow, max-snippet:-1, max-image-preview:large, max-video-preview:-1\" \/>\n<link rel=\"canonical\" href=\"https:\/\/www.treatwell.lt/inspiration\/january-beauty-sale\/\" \/>\n<meta property=\"og:locale\" content=\"lt_LT\" \/>\n<meta property=\"og:type\" content=\"article\" \/>\n<meta property=\"og:title\" content=\"Sausio i\u0161pardavimai | Iki 30% nuolaidos gro\u017eio paslaugoms\" \/>\n<meta property=\"og:description\" content=\"\u0160\u012f saus\u012f u\u017e gro\u017eio paslaugas mok\u0117k iki 30% ma\u017eiau m\u016bs\u0173 partneri\u0173 salonuose. Rinkis i\u0161 daugyb\u0117s nag\u0173, plauk\u0173, masa\u017eo ar veido proced\u016br\u0173.\" \/>\n<meta property=\"og:url\" content=\"https:\/\/www.treatwell.lt/inspiration\/january-beauty-sale\/\" \/>\n<meta property=\"og:site_name\" content=\"Treatwell LT\" \/>\n<meta property=\"article:modified_time\" content=\"2019-01-07T14:32:43+00:00\" \/>\n<meta property=\"og:image\" content=\"https:\/\/www.treatwell.lt/inspiration\/wp-content\/uploads\/sites\/12\/2018\/12\/LT_GLO_January_sale_crm_hero_KK_v01.gif\" \/>\n<meta name=\"twitter:card\" content=\"summary_large_image\" \/>\n<meta name=\"twitter:label1\" content=\"Est. reading time\" \/>\n\t<meta name=\"twitter:data1\" content=\"1 minut\u0117\" \/>\n<script type=\"application\/ld+json\" class=\"yoast-schema-graph\">{\"@context\":\"https:\/\/schema.org\",\"@graph\":[{\"@type\":\"WebPage\",\"@id\":\"https:\/\/www.treatwell.lt/inspiration\/january-beauty-sale\/\",\"url\":\"https:\/\/www.treatwell.lt/inspiration\/january-beauty-sale\/\",\"name\":\"Sausio i\u0161pardavimai | Iki 30% nuolaidos gro\u017eio paslaugoms\",\"isPartOf\":{\"@id\":\"https:\/\/www.treatwell.lt/inspiration\/#website\"},\"primaryImageOfPage\":{\"@id\":\"https:\/\/www.treatwell.lt/inspiration\/january-beauty-sale\/#primaryimage\"},\"image\":{\"@id\":\"https:\/\/www.treatwell.lt/inspiration\/january-beauty-sale\/#primaryimage\"},\"thumbnailUrl\":\"https:\/\/www.treatwell.lt/inspiration\/wp-content\/uploads\/sites\/12\/2018\/12\/LT_GLO_January_sale_crm_hero_KK_v01.gif\",\"datePublished\":\"2018-01-02T10:47:19+00:00\",\"dateModified\":\"2019-01-07T14:32:43+00:00\",\"description\":\"\u0160\u012f saus\u012f u\u017e gro\u017eio paslaugas mok\u0117k iki 30% ma\u017eiau m\u016bs\u0173 partneri\u0173 salonuose. Rinkis i\u0161 daugyb\u0117s nag\u0173, plauk\u0173, masa\u017eo ar veido proced\u016br\u0173.\",\"breadcrumb\":{\"@id\":\"https:\/\/www.treatwell.lt/inspiration\/january-beauty-sale\/#breadcrumb\"},\"inLanguage\":\"lt-LT\",\"potentialAction\":[{\"@type\":\"ReadAction\",\"target\":[\"https:\/\/www.treatwell.lt/inspiration\/january-beauty-sale\/\"]}]},{\"@type\":\"ImageObject\",\"inLanguage\":\"lt-LT\",\"@id\":\"https:\/\/www.treatwell.lt/inspiration\/january-beauty-sale\/#primaryimage\",\"url\":\"https:\/\/www.treatwell.lt/inspiration\/wp-content\/uploads\/sites\/12\/2018\/12\/LT_GLO_January_sale_crm_hero_KK_v01.gif\",\"contentUrl\":\"https:\/\/www.treatwell.lt/inspiration\/wp-content\/uploads\/sites\/12\/2018\/12\/LT_GLO_January_sale_crm_hero_KK_v01.gif\",\"width\":1160,\"height\":560},{\"@type\":\"BreadcrumbList\",\"@id\":\"https:\/\/www.treatwell.lt/inspiration\/january-beauty-sale\/#breadcrumb\",\"itemListElement\":[{\"@type\":\"ListItem\",\"position\":1,\"name\":\"Home\",\"item\":\"https:\/\/www.treatwell.lt/inspiration\/\"},{\"@type\":\"ListItem\",\"position\":2,\"name\":\"January beauty sale\"}]},{\"@type\":\"WebSite\",\"@id\":\"https:\/\/www.treatwell.lt/inspiration\/#website\",\"url\":\"https:\/\/www.treatwell.lt/inspiration\/\",\"name\":\"Treatwell LT\",\"description\":\"Ecco un altro sito Treatwell Inspiration\",\"potentialAction\":[{\"@type\":\"SearchAction\",\"target\":{\"@type\":\"EntryPoint\",\"urlTemplate\":\"https:\/\/www.treatwell.lt/inspiration\/?s={search_term_string}\"},\"query-input\":{\"@type\":\"PropertyValueSpecification\",\"valueRequired\":true,\"valueName\":\"search_term_string\"}}],\"inLanguage\":\"lt-LT\"}]}<\/script>\n<!-- \/ Yoast SEO plugin. -->","yoast_head_json":{"title":"Sausio i\u0161pardavimai | Iki 30% nuolaidos gro\u017eio paslaugoms","description":"\u0160\u012f saus\u012f u\u017e gro\u017eio paslaugas mok\u0117k iki 30% ma\u017eiau m\u016bs\u0173 partneri\u0173 salonuose. Rinkis i\u0161 daugyb\u0117s nag\u0173, plauk\u0173, masa\u017eo ar veido proced\u016br\u0173.","robots":{"index":"index","follow":"follow","max-snippet":"max-snippet:-1","max-image-preview":"max-image-preview:large","max-video-preview":"max-video-preview:-1"},"canonical":"https:\/\/www.treatwell.lt/inspiration\/january-beauty-sale\/","og_locale":"lt_LT","og_type":"article","og_title":"Sausio i\u0161pardavimai | Iki 30% nuolaidos gro\u017eio paslaugoms","og_description":"\u0160\u012f saus\u012f u\u017e gro\u017eio paslaugas mok\u0117k iki 30% ma\u017eiau m\u016bs\u0173 partneri\u0173 salonuose. Rinkis i\u0161 daugyb\u0117s nag\u0173, plauk\u0173, masa\u017eo ar veido proced\u016br\u0173.","og_url":"https:\/\/www.treatwell.lt/inspiration\/january-beauty-sale\/","og_site_name":"Treatwell LT","article_modified_time":"2019-01-07T14:32:43+00:00","og_image":[{"url":"https:\/\/www.treatwell.lt/inspiration\/wp-content\/uploads\/sites\/12\/2018\/12\/LT_GLO_January_sale_crm_hero_KK_v01.gif","type":"","width":"","height":""}],"twitter_card":"summary_large_image","twitter_misc":{"Est. reading time":"1 minut\u0117"},"schema":{"@context":"https:\/\/schema.org","@graph":[{"@type":"WebPage","@id":"https:\/\/www.treatwell.lt/inspiration\/january-beauty-sale\/","url":"https:\/\/www.treatwell.lt/inspiration\/january-beauty-sale\/","name":"Sausio i\u0161pardavimai | Iki 30% nuolaidos gro\u017eio paslaugoms","isPartOf":{"@id":"https:\/\/www.treatwell.lt/inspiration\/#website"},"primaryImageOfPage":{"@id":"https:\/\/www.treatwell.lt/inspiration\/january-beauty-sale\/#primaryimage"},"image":{"@id":"https:\/\/www.treatwell.lt/inspiration\/january-beauty-sale\/#primaryimage"},"thumbnailUrl":"https:\/\/www.treatwell.lt/inspiration\/wp-content\/uploads\/sites\/12\/2018\/12\/LT_GLO_January_sale_crm_hero_KK_v01.gif","datePublished":"2018-01-02T10:47:19+00:00","dateModified":"2019-01-07T14:32:43+00:00","description":"\u0160\u012f saus\u012f u\u017e gro\u017eio paslaugas mok\u0117k iki 30% ma\u017eiau m\u016bs\u0173 partneri\u0173 salonuose. Rinkis i\u0161 daugyb\u0117s nag\u0173, plauk\u0173, masa\u017eo ar veido proced\u016br\u0173.","breadcrumb":{"@id":"https:\/\/www.treatwell.lt/inspiration\/january-beauty-sale\/#breadcrumb"},"inLanguage":"lt-LT","potentialAction":[{"@type":"ReadAction","target":["https:\/\/www.treatwell.lt/inspiration\/january-beauty-sale\/"]}]},{"@type":"ImageObject","inLanguage":"lt-LT","@id":"https:\/\/www.treatwell.lt/inspiration\/january-beauty-sale\/#primaryimage","url":"https:\/\/www.treatwell.lt/inspiration\/wp-content\/uploads\/sites\/12\/2018\/12\/LT_GLO_January_sale_crm_hero_KK_v01.gif","contentUrl":"https:\/\/www.treatwell.lt/inspiration\/wp-content\/uploads\/sites\/12\/2018\/12\/LT_GLO_January_sale_crm_hero_KK_v01.gif","width":1160,"height":560},{"@type":"BreadcrumbList","@id":"https:\/\/www.treatwell.lt/inspiration\/january-beauty-sale\/#breadcrumb","itemListElement":[{"@type":"ListItem","position":1,"name":"Home","item":"https:\/\/www.treatwell.lt/inspiration\/"},{"@type":"ListItem","position":2,"name":"January beauty sale"}]},{"@type":"WebSite","@id":"https:\/\/www.treatwell.lt/inspiration\/#website","url":"https:\/\/www.treatwell.lt/inspiration\/","name":"Treatwell LT","description":"Ecco un altro sito Treatwell Inspiration","potentialAction":[{"@type":"SearchAction","target":{"@type":"EntryPoint","urlTemplate":"https:\/\/www.treatwell.lt/inspiration\/?s={search_term_string}"},"query-input":{"@type":"PropertyValueSpecification","valueRequired":true,"valueName":"search_term_string"}}],"inLanguage":"lt-LT"}]}},"_links":{"self":[{"href":"https:\/\/www.treatwell.lt\/inspiration\/wp-json\/wp\/v2\/pages\/6432","targetHints":{"allow":["GET"]}}],"collection":[{"href":"https:\/\/www.treatwell.lt\/inspiration\/wp-json\/wp\/v2\/pages"}],"about":[{"href":"https:\/\/www.treatwell.lt\/inspiration\/wp-json\/wp\/v2\/types\/page"}],"author":[{"embeddable":true,"href":"https:\/\/www.treatwell.lt\/inspiration\/wp-json\/wp\/v2\/users\/117"}],"replies":[{"embeddable":true,"href":"https:\/\/www.treatwell.lt\/inspiration\/wp-json\/wp\/v2\/comments?post=6432"}],"version-history":[{"count":0,"href":"https:\/\/www.treatwell.lt\/inspiration\/wp-json\/wp\/v2\/pages\/6432\/revisions"}],"wp:attachment":[{"href":"https:\/\/www.treatwell.lt\/inspiration\/wp-json\/wp\/v2\/media?parent=6432"}],"curies":[{"name":"wp","href":"https:\/\/api.w.org\/{rel}","templated":true}]}}