{"id":3680,"date":"2022-06-29T09:20:01","date_gmt":"2022-06-29T09:20:01","guid":{"rendered":"https:\/\/www.treatwell.lt/partneriai\/?page_id=3680"},"modified":"2026-05-07T12:42:42","modified_gmt":"2026-05-07T12:42:42","slug":"taisykles-ir-salygos","status":"publish","type":"page","link":"https:\/\/www.treatwell.lt/partneriai\/rekomenduokite-salono-partneri\/taisykles-ir-salygos\/","title":{"rendered":"Taisykl\u0117s ir s\u0105lygos"},"content":{"rendered":"\n<section  class=\"pt-[calc(var(--top-header)+var(--site-header-h-mobile)+40px)] lg:pt-[calc(var(--top-header)+var(--site-header-h-desktop)+48px)] bg-ethereal-white pb-10 lg:pb-12 xl:pb-16\">\n    <div class=\"container\">\n                    <h1 class=\"text-h2 md:text-5xl lg:text-6xl leading-none tracking-tighter font-bold text-center max-w-3xl mx-auto\">\n                &#8220;Treatwell&#8221; partneri\u0173 rekomendacij\u0173 programa &#8211; Taisykl\u0117s ir s\u0105lygos            <\/h1>\n        \n                    <h2 class=\"text-base md:text-xl lg:text-2xl leading-tight text-center md:max-w-xl xl:max-w-3xl mx-auto mt-6 lg:mt-4\">\n                2025 m. gegu\u017e\u0117s m\u0117n.            <\/h2>\n            <\/div>\n<\/section>\n\n\n    <section  class=\"\">\n        <div class=\"container\">\n            <article class=\"single-post-container\">\n                <div class=\"entry-content\">\n                    <p>Prie\u0161 dalyvaudami &#8220;Treatwell&#8221; partneri\u0173 rekomendacij\u0173 programoje (toliau &#8211; Programa), atid\u017eiai perskaitykite \u0161ias Taisykles ir s\u0105lygas, nes jos bus taikomos. Jei nesutinkate su \u0161iomis Taisykl\u0117mis ir s\u0105lygomis, Programoje dalyvauti negalite. Atkreipkite d\u0117mes\u012f, kad m\u016bs\u0173 S\u0105lygos ir taisykl\u0117s, i\u0161d\u0117stytos m\u016bs\u0173 svetain\u0117s skyriuje &#8220;Teis\u0117s aktai&#8221;, ir toliau bus taikomos j\u016bs\u0173 naudojimuisi m\u016bs\u0173 svetaine ir &#8220;Treatwell&#8221; integruota salon\u0173 programine \u012franga. Program\u0105 skatina ir valdo:<\/p>\n<ul>\n<li>Jungtin\u0117je Karalyst\u0117je &#8211; <strong>&#8220;Treatwell Limited&#8221;<\/strong>: Andrew Street, 1st Floor, Londonas, Anglija, EC4A 3AE, Jungtin\u0117 Karalyst\u0117.<\/li>\n<li>Airijoje &#8211; <strong>Treatwell IE<\/strong>, Treatwell Limited filialas: Andrew Street 6, 1st Floor, Londonas, Anglija, EC4A 3AE, Jungtin\u0117 Karalyst\u0117.<\/li>\n<li>Lietuvoje &#8211; <strong>Treatwell LT UAB<\/strong>: J. Basanavi\u010diaus g. 15, 03108 Vilnius, Lietuva<\/li>\n<li>Ispanijoje &#8211; <strong>Treatwell Spain s.l:<\/strong> Calle de Magallanes 3, Planta 10, 28015, Madridas, Ispanija<\/li>\n<li>Italijoje &#8211; <strong>Treatwell IT s.r.l:<\/strong> Via Carlo Farini 41, 20159 Milano, Italija<\/li>\n<li>Pranc\u016bzijoje &#8211; <strong>Treatwell FR<\/strong>: 32 rue Ren\u00e9 Boulanger, 75010 Paris, Pranc\u016bzija<\/li>\n<li>Nyderlanduose ir Belgijoje &#8211; <strong>Treatwell BNL B.V.<\/strong>: Vijzelstraat 79, 1017 HG Amsterdamas, Nyderlandai<\/li>\n<li>Vokietijoje &#8211; <strong>Treatwell DACH GmbH<\/strong>: Greifswalder Str. 212, 10405 Berlynas, Vokietija<\/li>\n<li>\u0160veicarijoje &#8211; <strong>Treatwell DACH GmbH, Zweigniederlassung Z\u00fcrich<\/strong>: Haggenholzstrasse 83b, 8050 Z\u00fcrich, \u0160veicarija<\/li>\n<li>Austrijoje &#8211; <strong>Treatwell DACH GmbH, Zweigniederlassung Wien<\/strong>: Karl-Popper-Strasse 22, 1100 Wien, Austrija<\/li>\n<li>Portugalijoje &#8211; <strong>Treatwell PT, Unipessoal, Lda<\/strong>: Av. Defensores de Chaves n\u00ba4, 1000-117 Lisboa, Portugalija<\/li>\n<li>Graikijoje &#8211; <strong>Funkmartini rezervavimo internetu paslaugos M.E.P.E.<\/strong>: Kolokotroni 62, PO Box 10560, At\u0117nai, Graikija<\/li>\n<\/ul>\n<p>(&#8220;Treatwell&#8221;).<\/p>\n<h2>TINKAMUMAS, PATEIKIMAS IR APRIBOJIMAI<\/h2>\n<p>Programoje gali dalyvauti reikalavimus atitinkantys &#8220;Treatwell&#8221; integruotos salon\u0173 programin\u0117s \u012frangos naudotojai (&#8220;Rekomenduotojas&#8221;), kurie &#8220;Rekomenduoja asmen\u012f&#8221; \u012fsigyti &#8220;Treatwell Connect&#8221; arba &#8220;Treatwell PRO&#8221; prenumerat\u0105, laikydamiesi toliau nurodyt\u0173 s\u0105lyg\u0173 ir apribojim\u0173:<\/p>\n<ul>\n<li>Rekomenduotojai turi b\u016bti esami &#8220;Treatwell&#8221; partneriai, turintys aktyvi\u0105 prenumerat\u0105.<\/li>\n<li>Rekomenduojantys asmenys neatitinka reikalavim\u0173, jei:\n<ul>\n<li>j\u0173 &#8220;Treatwell PRO&#8221; arba &#8220;Treatwell Connect&#8221; prenumerata nebegalioja d\u0117l bet kokios prie\u017easties iki Apdovanojimo i\u0161davimo; arba<\/li>\n<li>Rekomenduotojas prane\u0161\u0117 apie savo Treatwell PRO arba Treatwell Connect prenumeratos at\u0161aukim\u0105 iki Atlygio i\u0161davimo; arba<\/li>\n<li>nukreipian\u010dioji \u0161alis pa\u017eeid\u017eia bet kuri\u0105 Treatwell PRO arba Treatwell Connect sutarties s\u0105lyg\u0105.<\/li>\n<\/ul>\n<\/li>\n<li>Tik Treatwell PRO arba Treatwell Connect paskyros savininkas gali b\u016bti nukreipian\u010diuoju asmeniu (arba esate Partnerio darbuotojas ir turite Savininko sutikim\u0105 nukreipti).<\/li>\n<li>Norint gauti teis\u0119 dalyvauti konkurse, Rekomenduotojai turi pateikti vis\u0105 pra\u0161om\u0105 informacij\u0105 apie b\u016bsim\u0105 &#8220;Treatwell&#8221; partner\u012f (toliau &#8211; &#8220;Rekomenduotojas&#8221;) naudodamiesi internetine pateikimo forma (toliau &#8211; &#8220;Rekomenduotojas&#8221;). Bet kokie prane\u0161imai, pateikti ne per internetin\u0119 pateikimo form\u0105, nebus \u012ftraukti.<\/li>\n<li>Rekomendacijos teik\u0117jai ir Rekomenduotas asmuo turi b\u016bti \u0161alies, kurioje \u0161iuo metu veikia &#8220;Treatwell&#8221;, gyventojai rekomendacijos teikimo metu.<\/li>\n<li>Bet kuris Rekomenduotas asmuo, d\u0117l kurio &#8220;Treatwell&#8221; jau vykdo aktyvi\u0105 veikl\u0105, negali b\u016bti laikomas tinkamu rekomenduoti.<\/li>\n<li>Rekomendacijos, kurias Rekomendacij\u0173 teik\u0117jai pateikia asmenims, su kuriais juos sieja teisinis ar kitas asmeninis interesas (tiesioginis ar netiesioginis), n\u0117ra tinkamos.<\/li>\n<li>Rekomenduojamas asmuo negali: (i) anks\u010diau b\u016bti Partneris, su kuriuo &#8220;Treatwell&#8221; nutrauk\u0117 sutart\u012f d\u0117l Partnerio verslo s\u0105lyg\u0173 pa\u017eeidimo; arba (ii) b\u016bti kitaip &#8220;Treatwell&#8221; savo nuo\u017ei\u016bra laikomas netinkamu.<\/li>\n<li>Jei tam pa\u010diam Rekomenduotam asmeniui bus pateikta kelios Rekomendacijos, tik vienas Rekomendacij\u0173 teik\u0117jas gaus t\u0105 Rekomendacij\u0105, o tai nuspr\u0119s \u201eTreatwell\u201c nuo\u017ei\u016bra.<\/li>\n<li>Rekomendacij\u0173 teik\u0117jai ir Rekomenduotas asmuo (jei taikoma) turi b\u016bti ne jaunesni kaip 18 met\u0173.<\/li>\n<li>Pasi\u016blymas \u012fsigalioja nuo tos dienos, kai apie j\u0105 prane\u0161ama potencialiam Rekomenduotam asmeniui.<\/li>\n<li>\u012e pasi\u016blym\u0105 ne\u012ftraukiami &#8220;Treatwell&#8221; ar bet kurios grup\u0117s bendrov\u0117s darbuotojai, rangovai ar darbininkai, j\u0173 artimiausi giminai\u010diai, taip pat asmenys, susij\u0119 su pasi\u016blymo profesiniais ry\u0161iais.<\/li>\n<li>Rekomenduojan\u010dio arba Rekomenduoto asmens gali b\u016bti papra\u0161yta pateikti asmens tapatyb\u0119 patvirtinant\u012f dokument\u0105.<\/li>\n<li>Prekybinink\u0173, vartotoj\u0173 grupi\u0173, tre\u010di\u0173j\u0173 \u0161ali\u0173, atstov\u0173 arba automati\u0161kai kompiuteriu sugeneruoti \u012fra\u0161ai nebus priimami.<\/li>\n<li>&#8220;Treatwell&#8221; pasilieka teis\u0119 bet kuriuo metu d\u0117l bet kokios prie\u017easties at\u0161aukti Pasi\u016blym\u0105 (arba pakeisti \u0161ias Taisykles ir s\u0105lygas). Bet kokie nukreipimai, atlikti po Pasi\u016blymo at\u0161aukimo, negalioja.<\/li>\n<\/ul>\n<h2>ATLYGINIMAS<\/h2>\n<ul>\n<li>Tiek Rekomenduotojas, tiek Rekomenduotas asmuo gal\u0117s gauti tris (3) m\u0117nesius nemokamos prieigos prie &#8220;Treatwell programin\u0117s \u012frangos&#8221;, kuri bus prid\u0117ta prie j\u0173 turimos &#8220;Treatwell PRO&#8221; arba &#8220;Connect&#8221; prenumeratos (&#8220;Atlygis&#8221;).<\/li>\n<li>Rekomenduotojas \u012fgyja teis\u0119 gauti apdovanojim\u0105 tik pra\u0117jus 30 dien\u0173 nuo rekomenduoto asmens naujos &#8220;Treatwell&#8221; paskyros &#8220;aktyvavimo datos&#8221;.<\/li>\n<li>&#8220;Aktyvavimo data&#8221; &#8211; tai data, kai rekomenduoto asmens paskyra aktyvuojama ir paskelbiama &#8220;Prekyviet\u0117je&#8221; \u0161i\u0173 Taisykli\u0173 ir s\u0105lyg\u0173 tikslais.<\/li>\n<li>Teis\u0119 \u012f Apdovanojim\u0105 rekomendav\u0119s asmuo \u012fgis tik tada, kai pasira\u0161ys sutart\u012f d\u0117l \u012fsipareigojimo naudotis &#8220;Treatwell PRO&#8221; arba &#8220;Treatwell Connect&#8221; (&#8220;U\u017ebaigtas rekomendacijos sandoris&#8221;).<\/li>\n<li>U\u017ebaigtas rekomendacijos sandoris turi b\u016bti atliktas per 60 dien\u0173 nuo kreipimosi.<\/li>\n<li>U\u017e kiekvien\u0105 u\u017epildyt\u0105 rekomendacij\u0105 rekomenduotojas gal\u0117s gauti tris (3) m\u0117nesius nemokamos prieigos prie &#8220;Treatwell programin\u0117s \u012frangos&#8221; ir prid\u0117ti prie savo turimos &#8220;Treatwell PRO&#8221; arba &#8220;Connect&#8221; prenumeratos.<\/li>\n<\/ul>\n<ul>\n<li>Naudojantis Apdovanojimu taikomos &#8220;Treatwell&#8221; s\u0105lygos ir taisykl\u0117s, kurias galima rasti m\u016bs\u0173 svetain\u0117je https:\/\/www.treatwell.lt\/info\/partneriu-nuotatos-ir-salygos\/. U\u017e \u0161i\u0173 s\u0105lyg\u0173 laikym\u0105si atsako tik rekomenduojantis ir rekomenduotas asmenys.<\/li>\n<li>Premija negali b\u016bti i\u0161perkama kartu su jokiais kitais pasi\u016blymais ar programomis.<\/li>\n<li>Alternatyva grynaisiais pinigais neteikiama.<\/li>\n<li>Apdovanojimas gali b\u016bti gaunamas tik esant galimybei.<\/li>\n<li>&#8220;Treatwell&#8221; pasilieka teis\u0119 pakeisti apdovanojim\u0105 kitu tokios pat vert\u0117s apdovanojimu.<\/li>\n<li>&#8220;Treatwell&#8221; pasilieka teis\u0119 atsisakyti suteikti Apdovanojim\u0105, jei pagr\u012fstai mano, kad buvo pa\u017eeistos \u0161ios Taisykl\u0117s ir s\u0105lygos arba buvo vykdoma neteis\u0117ta veikla, susijusi su dalyvavimu Programoje.<\/li>\n<\/ul>\n<h2>PRISTATYMAS<\/h2>\n<ul>\n<li>Rekomenduojan\u010diam asmeniui bus automati\u0161kai i\u0161si\u0173stas (-i) Apdovanojimas (-ai) per 30 dien\u0173 nuo Rekomenduoto asmens &#8220;Treatwell&#8221; prenumeratos aktyvavimo datos. Jei per \u0161\u012f 30 dien\u0173 laikotarp\u012f Rekomenduojan\u010diojo &#8220;Treatwell PRO&#8221; arba &#8220;Treatwell Connect&#8221; prenumerata bus nutraukta, Rekomenduojan\u010diojo teis\u0117 gauti Apdovanojim\u0105 (-us) bus panaikinta.<\/li>\n<li>Apdovanojimas bus pristatytas tik \u012f Savininko el. pa\u0161to adres\u0105, susiet\u0105 su Rekomenduotojo &#8220;Treatwell PRO&#8221; arba &#8220;Treatwell Connect&#8221; paskyra. Rekomenduojantys asmenys yra atsakingi u\u017e tai, kad j\u0173 el. pa\u0161to adresas, nurodytas &#8220;Treatwell PRO&#8221; arba &#8220;Treatwell Connect&#8221; paskyroje, b\u016bt\u0173 nuolat atnaujinamas. Jei adresas neteisingas, &#8220;Treatwell&#8221; neatsako u\u017e jo nepristatym\u0105.<\/li>\n<li>&#8220;Treatwell&#8221; neatsako u\u017e bet kok\u012f (-ius) nepristatyt\u0105 (-us) Apdovanojim\u0105 (-us), pristatymo v\u0117lavim\u0105 ar defektus d\u0117l bet kokios prie\u017easties arba Apdovanojimo praradim\u0105.<\/li>\n<li>&#8220;Treatwell&#8221; neatsako u\u017e bet koki\u0105 \u017eal\u0105, nuostolius ar nuostolius, patirtus d\u0117l pirkini\u0173, atlikt\u0173 naudojant apdovanojim\u0105.<\/li>\n<\/ul>\n<h2>DUOMEN\u0172 APSAUGA<\/h2>\n<p>Jei nuspr\u0119site dalyvauti Programoje, &#8220;Treatwell&#8221; papra\u0161ys j\u016bs\u0173 pateikti: salono pavadinim\u0105, vard\u0105 ir pavard\u0119, el. pa\u0161to adres\u0105, telefono numer\u012f ir pa\u0161to adres\u0105.<\/p>\n<p>Dalyvaudami Programoje ir pateikdami pirmiau i\u0161vardyt\u0105 asmenin\u0119 informacij\u0105, sutinkate, kad i\u0161 &#8220;Treatwell&#8221; gausite prane\u0161imus apie Program\u0105 ir apdovanojim\u0105 (-us).<\/p>\n<p>Taip pat bus pra\u0161oma nurodyti rekomenduoto asmens: salono pavadinim\u0105, vard\u0105 ir pavard\u0119, el. pa\u0161to adres\u0105, telefono numer\u012f ir pa\u0161to adres\u0105.<\/p>\n<p>Privalote u\u017etikrinti, kad gavote rekomenduoto asmens sutikim\u0105 pateikti \u0161i\u0105 informacij\u0105 &#8220;Treatwell&#8221; ir supa\u017eindinti j\u012f su \u0161iomis Taisykl\u0117mis ir s\u0105lygomis. J\u016bs b\u016bsite atsakingi bendrovei &#8220;Treatwell&#8221; u\u017e bet kokius nuostolius, patirtus nesilaikant \u0161i\u0173 reikalavim\u0173.<\/p>\n<p>Asmenin\u0119 informacij\u0105 rinks, tvarkys ir naudos &#8220;Treatwell&#8221;, kaip duomen\u0173 valdytojas, vadovaudamasi &#8220;Treatwell&#8221; privatumo ir slapuk\u0173 politika, kuri\u0105 galima rasti \u010dia: <a href=\"https:\/\/www.treatwell.lt\/info\/privatumo-politika\/\" target=\"_blank\" rel=\"noopener\">https:\/\/www.treatwell.lt\/info\/privatumo-politika\/<\/a>ir pasirinkus atitinkam\u0105 jurisdikcij\u0105 apa\u010dioje de\u0161in\u0117je.<\/p>\n<p>Rekomenduojantys arba rekomenduoti asmenys turi teis\u0119 susipa\u017einti su savo duomenimis, juos keisti, taisyti ir i\u0161trinti. \u0160ia teise rekomenduojantys arba rekomenduoti asmenys gali pasinaudoti ra\u0161ydami el. pa\u0161to adresu, nurodytu \u0161i\u0173 Taisykli\u0173 ir s\u0105lyg\u0173 vir\u0161uje.<\/p>\n<h2>ATSAKOMYB\u0116S APRIBOJIMAS<\/h2>\n<p>&#8220;Treatwell&#8221; negali b\u016bti laikoma atsakinga u\u017e tai, kad d\u0117l technini\u0173 problem\u0173 ar tinklo sutrikim\u0173 negaunama Rekomendacij\u0173. Pateikimo \u012frodymas n\u0117ra pristatymo \u012frodymas. Dalyvaudami Programoje sutinkate, kad joje dalyvaujate savo rizika. I\u0161skyrus tai, kad &#8220;Treatwell&#8221; nepanaikina ir neapriboja savo atsakomyb\u0117s u\u017e asmens su\u017ealojim\u0105 ar mirt\u012f d\u0117l savo aplaidumo, u\u017e apgauling\u0105 klaiding\u0105 parei\u0161kim\u0105 ar bet koki\u0105 kit\u0105 atsakomyb\u0119, kuri pagal \u012fstatym\u0105 negali b\u016bti apribota ar panaikinta, &#8220;Treatwell&#8221; neprisiima jokios atsakomyb\u0117s, susijusios su asmens dalyvavimu (ar negal\u0117jimu dalyvauti) Programoje, kiek tai leid\u017eia \u012fstatymas, \u012fskaitant bet koki\u0105 tiesiogin\u0119, netiesiogin\u0119, atsitiktin\u0119, pasekmin\u0119 ar bet koki\u0105 kit\u0105 \u017eal\u0105, susijusi\u0105 su Programa ar j\u016bs\u0173 dalyvavimu Programoje arba atsiradusi\u0105 d\u0117l jos.<\/p>\n<h2>SEVERANCE<\/h2>\n<p>Jei kuri nors \u0161i\u0173 Taisykli\u0173 ir s\u0105lyg\u0173 dalis pripa\u017e\u012fstama teisi\u0161kai ne\u012fgyvendinama, visos kitos \u0161i\u0173 Taisykli\u0173 ir s\u0105lyg\u0173 dalys nelie\u010diamos ir lieka galioti.<\/p>\n<h2>GALUTIN\u0116 TEIS\u0116<\/h2>\n<p>Programai ir \u0161ioms s\u0105lygoms taikomi ir jie ai\u0161kinami pagal atitinkamos &#8220;Treatwell&#8221; bendrov\u0117s \u0161alies \u012fstatymus. J\u016bs ir mes abu sutinkame, kad tos \u0161alies teismai tur\u0117s nei\u0161imtin\u0119 jurisdikcij\u0105 nagrin\u0117ti bet kokius ie\u0161kinius ar gin\u010dus, kylan\u010dius i\u0161 Programos ar \u0161i\u0173 S\u0105lyg\u0173 ir nuostat\u0173 arba su jomis susijusius.<\/p>\n<h2>KLAUSIMAI<\/h2>\n<p>Jei turite klausim\u0173 apie program\u0105 ar jos veikim\u0105, susisiekite su mumis naudodami tiesioginio pokalbio funkcij\u0105 ir sekite instrukcijas, pateiktas \u0161ioje nuorodoje: <a href=\"https:\/\/customercare.treatwell.com\/s\/article\/Gaukite-momentin%C4%99-pagalb%C4%85-su-Treatwell-pokalbi%C5%B3-funkcija?language=lt\" target=\"_blank\" rel=\"noopener\">https:\/\/customercare.treatwell.com\/s\/article\/Gaukite-momentin%C4%99-pagalb%C4%85-su-Treatwell-pokalbi%C5%B3-funkcija?language=lt<\/a><\/p>\n                <\/div>\n            <\/article>\n        <\/div>\n    <\/section>\n","protected":false},"excerpt":{"rendered":"","protected":false},"author":81,"featured_media":0,"parent":3675,"menu_order":0,"comment_status":"closed","ping_status":"closed","template":"templates\/base.php","meta":{"_acf_changed":true,"_editorskit_title_hidden":false,"_editorskit_reading_time":1,"_editorskit_is_block_options_detached":false,"_editorskit_block_options_position":"{}","footnotes":""},"class_list":["post-3680","page","type-page","status-publish","hentry"],"acf":[],"yoast_head":"<!-- This site is optimized with the Yoast SEO plugin v27.5 - https:\/\/yoast.com\/product\/yoast-seo-wordpress\/ -->\n<title>Taisykl\u0117s ir s\u0105lygos - Treatwell rekomendavimo programa partneriams<\/title>\n<meta name=\"description\" content=\"Perskaitykite oficialias Treatwell rekomendacij\u0173 programos taisykles ir s\u0105lygas. Su\u017einokite, kaip galite gauti atlyg\u012f u\u017e partnerio rekomendavim\u0105.\" \/>\n<meta name=\"robots\" content=\"index, follow, max-snippet:-1, max-image-preview:large, max-video-preview:-1\" \/>\n<link rel=\"canonical\" href=\"https:\/\/www.treatwell.lt/partneriai\/rekomenduokite-salono-partneri\/taisykles-ir-salygos\/\" \/>\n<meta property=\"og:locale\" content=\"lt_LT\" \/>\n<meta property=\"og:type\" content=\"article\" \/>\n<meta property=\"og:title\" content=\"Taisykl\u0117s ir s\u0105lygos - Treatwell rekomendavimo programa partneriams\" \/>\n<meta property=\"og:description\" content=\"Perskaitykite oficialias Treatwell rekomendacij\u0173 programos taisykles ir s\u0105lygas. Su\u017einokite, kaip galite gauti atlyg\u012f u\u017e partnerio rekomendavim\u0105.\" \/>\n<meta property=\"og:url\" content=\"https:\/\/www.treatwell.lt/partneriai\/rekomenduokite-salono-partneri\/taisykles-ir-salygos\/\" \/>\n<meta property=\"og:site_name\" content=\"Treatwell Business\" \/>\n<meta property=\"article:modified_time\" content=\"2026-05-07T12:42:42+00:00\" \/>\n<meta property=\"og:image\" content=\"https:\/\/www.treatwell.lt/partneriai\/wp-content\/uploads\/sites\/8\/2024\/12\/fb-share.png\" \/>\n\t<meta property=\"og:image:width\" content=\"1200\" \/>\n\t<meta property=\"og:image:height\" content=\"630\" \/>\n\t<meta property=\"og:image:type\" content=\"image\/png\" \/>\n<meta name=\"twitter:card\" content=\"summary_large_image\" \/>\n<script type=\"application\/ld+json\" class=\"yoast-schema-graph\">{\"@context\":\"https:\\\/\\\/schema.org\",\"@graph\":[{\"@type\":\"WebPage\",\"@id\":\"https:\\\/\\\/www.treatwell.lt/partneriai\\\/rekomenduokite-salono-partneri\\\/taisykles-ir-salygos\\\/\",\"url\":\"https:\\\/\\\/www.treatwell.lt/partneriai\\\/rekomenduokite-salono-partneri\\\/taisykles-ir-salygos\\\/\",\"name\":\"Taisykl\u0117s ir s\u0105lygos - Treatwell rekomendavimo programa partneriams\",\"isPartOf\":{\"@id\":\"https:\\\/\\\/www.treatwell.lt/partneriai\\\/#website\"},\"datePublished\":\"2022-06-29T09:20:01+00:00\",\"dateModified\":\"2026-05-07T12:42:42+00:00\",\"description\":\"Perskaitykite oficialias Treatwell rekomendacij\u0173 programos taisykles ir s\u0105lygas. Su\u017einokite, kaip galite gauti atlyg\u012f u\u017e partnerio rekomendavim\u0105.\",\"breadcrumb\":{\"@id\":\"https:\\\/\\\/www.treatwell.lt/partneriai\\\/rekomenduokite-salono-partneri\\\/taisykles-ir-salygos\\\/#breadcrumb\"},\"inLanguage\":\"lt-LT\",\"potentialAction\":[{\"@type\":\"ReadAction\",\"target\":[\"https:\\\/\\\/www.treatwell.lt/partneriai\\\/rekomenduokite-salono-partneri\\\/taisykles-ir-salygos\\\/\"]}]},{\"@type\":\"BreadcrumbList\",\"@id\":\"https:\\\/\\\/www.treatwell.lt/partneriai\\\/rekomenduokite-salono-partneri\\\/taisykles-ir-salygos\\\/#breadcrumb\",\"itemListElement\":[{\"@type\":\"ListItem\",\"position\":1,\"name\":\"Home\",\"item\":\"https:\\\/\\\/www.treatwell.lt/partneriai\\\/\"},{\"@type\":\"ListItem\",\"position\":2,\"name\":\"Rekomenduokite salono partner\u012f\",\"item\":\"https:\\\/\\\/www.treatwell.lt/partneriai\\\/rekomenduokite-salono-partneri\\\/\"},{\"@type\":\"ListItem\",\"position\":3,\"name\":\"Taisykl\u0117s ir s\u0105lygos\"}]},{\"@type\":\"WebSite\",\"@id\":\"https:\\\/\\\/www.treatwell.lt/partneriai\\\/#website\",\"url\":\"https:\\\/\\\/www.treatwell.lt/partneriai\\\/\",\"name\":\"Treatwell Business\",\"description\":\"\",\"publisher\":{\"@id\":\"https:\\\/\\\/www.treatwell.lt/partneriai\\\/#organization\"},\"potentialAction\":[{\"@type\":\"SearchAction\",\"target\":{\"@type\":\"EntryPoint\",\"urlTemplate\":\"https:\\\/\\\/www.treatwell.lt/partneriai\\\/?s={search_term_string}\"},\"query-input\":{\"@type\":\"PropertyValueSpecification\",\"valueRequired\":true,\"valueName\":\"search_term_string\"}}],\"inLanguage\":\"lt-LT\"},{\"@type\":\"Organization\",\"@id\":\"https:\\\/\\\/www.treatwell.lt/partneriai\\\/#organization\",\"name\":\"Treatwell\",\"url\":\"https:\\\/\\\/www.treatwell.lt/partneriai\\\/\",\"logo\":{\"@type\":\"ImageObject\",\"inLanguage\":\"lt-LT\",\"@id\":\"https:\\\/\\\/www.treatwell.lt/partneriai\\\/#\\\/schema\\\/logo\\\/image\\\/\",\"url\":\"https:\\\/\\\/www.treatwell.lt/partneriai\\\/wp-content\\\/uploads\\\/sites\\\/8\\\/2020\\\/04\\\/treatwell-logotype-navy-rgb@2x.png\",\"contentUrl\":\"https:\\\/\\\/www.treatwell.lt/partneriai\\\/wp-content\\\/uploads\\\/sites\\\/8\\\/2020\\\/04\\\/treatwell-logotype-navy-rgb@2x.png\",\"width\":302,\"height\":56,\"caption\":\"Treatwell\"},\"image\":{\"@id\":\"https:\\\/\\\/www.treatwell.lt/partneriai\\\/#\\\/schema\\\/logo\\\/image\\\/\"}}]}<\/script>\n<!-- \/ Yoast SEO plugin. -->","yoast_head_json":{"title":"Taisykl\u0117s ir s\u0105lygos - Treatwell rekomendavimo programa partneriams","description":"Perskaitykite oficialias Treatwell rekomendacij\u0173 programos taisykles ir s\u0105lygas. Su\u017einokite, kaip galite gauti atlyg\u012f u\u017e partnerio rekomendavim\u0105.","robots":{"index":"index","follow":"follow","max-snippet":"max-snippet:-1","max-image-preview":"max-image-preview:large","max-video-preview":"max-video-preview:-1"},"canonical":"https:\/\/www.treatwell.lt/partneriai\/rekomenduokite-salono-partneri\/taisykles-ir-salygos\/","og_locale":"lt_LT","og_type":"article","og_title":"Taisykl\u0117s ir s\u0105lygos - Treatwell rekomendavimo programa partneriams","og_description":"Perskaitykite oficialias Treatwell rekomendacij\u0173 programos taisykles ir s\u0105lygas. Su\u017einokite, kaip galite gauti atlyg\u012f u\u017e partnerio rekomendavim\u0105.","og_url":"https:\/\/www.treatwell.lt/partneriai\/rekomenduokite-salono-partneri\/taisykles-ir-salygos\/","og_site_name":"Treatwell Business","article_modified_time":"2026-05-07T12:42:42+00:00","og_image":[{"width":1200,"height":630,"url":"https:\/\/www.treatwell.lt/partneriai\/wp-content\/uploads\/sites\/8\/2024\/12\/fb-share.png","type":"image\/png"}],"twitter_card":"summary_large_image","schema":{"@context":"https:\/\/schema.org","@graph":[{"@type":"WebPage","@id":"https:\/\/www.treatwell.lt/partneriai\/rekomenduokite-salono-partneri\/taisykles-ir-salygos\/","url":"https:\/\/www.treatwell.lt/partneriai\/rekomenduokite-salono-partneri\/taisykles-ir-salygos\/","name":"Taisykl\u0117s ir s\u0105lygos - Treatwell rekomendavimo programa partneriams","isPartOf":{"@id":"https:\/\/www.treatwell.lt/partneriai\/#website"},"datePublished":"2022-06-29T09:20:01+00:00","dateModified":"2026-05-07T12:42:42+00:00","description":"Perskaitykite oficialias Treatwell rekomendacij\u0173 programos taisykles ir s\u0105lygas. Su\u017einokite, kaip galite gauti atlyg\u012f u\u017e partnerio rekomendavim\u0105.","breadcrumb":{"@id":"https:\/\/www.treatwell.lt/partneriai\/rekomenduokite-salono-partneri\/taisykles-ir-salygos\/#breadcrumb"},"inLanguage":"lt-LT","potentialAction":[{"@type":"ReadAction","target":["https:\/\/www.treatwell.lt/partneriai\/rekomenduokite-salono-partneri\/taisykles-ir-salygos\/"]}]},{"@type":"BreadcrumbList","@id":"https:\/\/www.treatwell.lt/partneriai\/rekomenduokite-salono-partneri\/taisykles-ir-salygos\/#breadcrumb","itemListElement":[{"@type":"ListItem","position":1,"name":"Home","item":"https:\/\/www.treatwell.lt/partneriai\/"},{"@type":"ListItem","position":2,"name":"Rekomenduokite salono partner\u012f","item":"https:\/\/www.treatwell.lt/partneriai\/rekomenduokite-salono-partneri\/"},{"@type":"ListItem","position":3,"name":"Taisykl\u0117s ir s\u0105lygos"}]},{"@type":"WebSite","@id":"https:\/\/www.treatwell.lt/partneriai\/#website","url":"https:\/\/www.treatwell.lt/partneriai\/","name":"Treatwell Business","description":"","publisher":{"@id":"https:\/\/www.treatwell.lt/partneriai\/#organization"},"potentialAction":[{"@type":"SearchAction","target":{"@type":"EntryPoint","urlTemplate":"https:\/\/www.treatwell.lt/partneriai\/?s={search_term_string}"},"query-input":{"@type":"PropertyValueSpecification","valueRequired":true,"valueName":"search_term_string"}}],"inLanguage":"lt-LT"},{"@type":"Organization","@id":"https:\/\/www.treatwell.lt/partneriai\/#organization","name":"Treatwell","url":"https:\/\/www.treatwell.lt/partneriai\/","logo":{"@type":"ImageObject","inLanguage":"lt-LT","@id":"https:\/\/www.treatwell.lt/partneriai\/#\/schema\/logo\/image\/","url":"https:\/\/www.treatwell.lt/partneriai\/wp-content\/uploads\/sites\/8\/2020\/04\/treatwell-logotype-navy-rgb@2x.png","contentUrl":"https:\/\/www.treatwell.lt/partneriai\/wp-content\/uploads\/sites\/8\/2020\/04\/treatwell-logotype-navy-rgb@2x.png","width":302,"height":56,"caption":"Treatwell"},"image":{"@id":"https:\/\/www.treatwell.lt/partneriai\/#\/schema\/logo\/image\/"}}]}},"_links":{"self":[{"href":"https:\/\/www.treatwell.lt\/partneriai\/wp-json\/wp\/v2\/pages\/3680","targetHints":{"allow":["GET"]}}],"collection":[{"href":"https:\/\/www.treatwell.lt\/partneriai\/wp-json\/wp\/v2\/pages"}],"about":[{"href":"https:\/\/www.treatwell.lt\/partneriai\/wp-json\/wp\/v2\/types\/page"}],"author":[{"embeddable":true,"href":"https:\/\/www.treatwell.lt\/partneriai\/wp-json\/wp\/v2\/users\/81"}],"replies":[{"embeddable":true,"href":"https:\/\/www.treatwell.lt\/partneriai\/wp-json\/wp\/v2\/comments?post=3680"}],"version-history":[{"count":0,"href":"https:\/\/www.treatwell.lt\/partneriai\/wp-json\/wp\/v2\/pages\/3680\/revisions"}],"up":[{"embeddable":true,"href":"https:\/\/www.treatwell.lt\/partneriai\/wp-json\/wp\/v2\/pages\/3675"}],"wp:attachment":[{"href":"https:\/\/www.treatwell.lt\/partneriai\/wp-json\/wp\/v2\/media?parent=3680"}],"curies":[{"name":"wp","href":"https:\/\/api.w.org\/{rel}","templated":true}]}}